{"id":314,"date":"2019-04-15T23:17:41","date_gmt":"2019-04-16T02:17:41","guid":{"rendered":"http:\/\/maricatotal.com.br\/site\/?page_id=314"},"modified":"2021-12-17T15:56:22","modified_gmt":"2021-12-17T18:56:22","slug":"contato","status":"publish","type":"page","link":"https:\/\/maricatotal.com.br\/site\/contato\/","title":{"rendered":"TELEFONES \u00daTEIS"},"content":{"rendered":"\n<p> Aeroporto Municipal 2637-1635<br> Ambul\u00e2ncia (emerg\u00eancia) 192<br> Ampla (Emerg\u00eancia \u2013 Luz) 0800 28 00 120<br> Ampla (via celular) 0800 28 24 022<br> ANATEL 133<br> ANEEL 167<br> Assoc. Comercial de Maric\u00e1 2637-3819<br> Assesi (Itaipua\u00e7u) 3732-5163<br> Bombeiros (Central) 193<br> Bombeiros (Posto Maric\u00e1) 2637-9193<br> C\u00e2mara dos Vereadores 2637-2105<br> Cart\u00f3rio 2\u00ba Distrito\/Cordeirinho 2648-2857<br> Cart\u00f3rio SNR \u2013 Tabeli\u00e3o 2637-2915<br> Cart\u00f3rio RCPN \u2013 Ino\u00e3 2636-5668<br> CEDAE (Maric\u00e1) 3731-2961\/2569<br> Cemit\u00e9rio 2637-8221<br> Central de Pol\u00edcia 190<br> Central de Pol\u00edcia (4\u00aa Cia) 2637-9190<br> Coleta de Lixo \u2013 2637-8085<br> Correios \u2013 Central 3003-0100<br> Correios \u2013 Centro 2637-2379\/4222<br> Correios \u2013 Ino\u00e3 2636-5260 \/ 5050<br> Correios \u2013 Itaipua\u00e7u 2638-7611<br> Correios \u2013 Rodovi\u00e1ria 2637-2228<br> Defesa Civil (emerg\u00eancia) 199<br> DETRAN \u2013 Central 0800 0204042<br> DETRAN \u2013 Agendamento 3460-4040<br> Disk-Den\u00fancia 2253-1177<br> Disk Lixo \u2013 3731-9873<br> Disque Floresta (IEF) 2233-1857<br> Delegacia Legal 82\u00aa (Maric\u00e1) 2637-2390<br> Disk Lixo 3731-9873<br> DPO (Centro\/Maric\u00e1) 3731-2002<br> DPO (Barra de Maric\u00e1) 2648-9001<br> DPO (Barroco) 2638-9023<br> DPO (Ino\u00e3) 2716-0665<br> DPO (Itaipua\u00e7u \u2013 Costa Verde) 2638-9023<br> DPO Ponta Negra 2648-1650<br> Embratel 103-21<br> F\u00f3rum (Juizado Especial C\u00edvel) 2637-5030<br> Hospitais e Postos de Sa\u00fade (p\u00e1gina 2)<br> Narc\u00f3ticos An\u00f4nimos 2516-0057<br> Oi fixo 103-31<br> Ouvidoria Municipal \u2013 2637-2052 R. 281<br> Patrulha Ambiental 2498-1001<br> Prefeitura Municipal 2637-2052<br> Ponte S\/A (Tr\u00e1fego) 2620-9333<br> PROCON 2634-2311<br> Salvamar (Marinha) 3870-6119<br> Sebrae Maric\u00e1 2637-1832<br> Secr. de Ambiente e Urbanismo 2637-8085<br> Secretaria de Educa\u00e7\u00e3o 2637-8789<br> Secretaria de Cultura 3731-1432<br> Sub-prefeitura \u2013 Itaipua\u00e7u. 2638-1464<br> Sub-prefeitura \u2013 Jd. Atl\u00e2ntico 3732-1507<br> TRE \u2013 Tribunal Reg. Eleitoral 2637-3511<br> Via\u00e7\u00e3o Costa Leste 2637-2179<br> Via\u00e7\u00e3o N. Sra. do Amparo 0800 886 1000<br> Vigil\u00e2ncia Sanit\u00e1ria Municipal 2503-2281<br> Vigil\u00e2ncia Sanit\u00e1ria RJ 2240-2007<\/p>\n\n\n\n<p><strong>Endere\u00e7os de Hospitais e Postos de Sa\u00fade:<\/strong><br>\nHospital Conde Modesto Leal: R. Dom\u00edcio da Gama, 433 \u2013 Centro \u2013 Maric\u00e1 \u2013 2637-1713\/4027<br>\nPosto de Sa\u00fade Barra: Rua Quatro, Qd.2, Lt. 03 \u2013 Barra de Maric\u00e1 \u2013 2648-9116<br>\nPosto de Sa\u00fade Central: R. Cl\u00edmaco Pereira, 375 \u2013 Centro \u2013 Maric\u00e1 \u2013 2637-2225\/2634-1590<br>\nPosto de Sa\u00fade Fam\u00edlia Bambu\u00ed: Av. do Contorno, s\/n\u00ba \u2013 Bambu\u00ed \u2013 2648-3602<br>\nPosto de Sa\u00fade Fam\u00edlia Guaratiba: Rua Beira da Lagoa, s\/n\u00ba \u2013 Guaratiba \u2013 2648-3602<br>\nPosto de Sa\u00fade Fam\u00edlia Ino\u00e3: Travessa Caio Figueiredo s\/n\u00ba \u2013 Ino\u00e3 \u2013 Maric\u00e1<br>\nPosto de Sa\u00fade Espraiado: R. Golberto Batista de Macedo \u2013 2648-0251\/2648-0431\/2648-6589<br>\nPosto de Sa\u00fade Ino\u00e3: Rod. Amaral Peixoto, s\/n\u00ba km 14 \u2013 Ino\u00e3 \u2013 Maric\u00e1<br>\nPosto de Sa\u00fade Itaipua\u00e7u (AMAJA): Rua 36, Lt.01, Qd. 300 \u2013 Itaipua\u00e7u \u2013 Maric\u00e1 \u2013 3732-2002<br>\nPosto de Sa\u00fade Itaipua\u00e7u (Barroco): Rua das Margaridas, Qd. 35, Lote 04 \u2013 Costa Verde<br>\nPosto de Sa\u00fade Itaipua\u00e7u (Recanto): Rua Dirceu F. Pinto \u2013 Itaipua\u00e7u \u2013 Maric\u00e1 \u2013 2638-4876<br>\nPosto de Sa\u00fade Ponta Negra: R. Alceb\u00edades Teodoro Pereira, s\/n\u00ba \u2013 P. Negra \u2013 2648-6337<br>\nPosto de Sa\u00fade Santa Rita (24 h) Itaipua\u00e7u \u2013 R. 83 c\/ 36 \u2013 Jd. Atl\u00e2ntico \u2013 Maric\u00e1 \u2013 2638-4156<\/p>\n","protected":false},"excerpt":{"rendered":"<p>Aeroporto Municipal 2637-1635 Ambul\u00e2ncia (emerg\u00eancia) 192 Ampla (Emerg\u00eancia \u2013 Luz) 0800 28 00 120 Ampla (via celular) 0800 28 24<\/p>\n","protected":false},"author":1,"featured_media":0,"parent":0,"menu_order":0,"comment_status":"closed","ping_status":"closed","template":"","meta":{"colormag_page_container_layout":"default_layout","colormag_page_sidebar_layout":"default_layout","footnotes":""},"class_list":["post-314","page","type-page","status-publish","hentry"],"amp_enabled":true,"_links":{"self":[{"href":"https:\/\/maricatotal.com.br\/site\/wp-json\/wp\/v2\/pages\/314","targetHints":{"allow":["GET"]}}],"collection":[{"href":"https:\/\/maricatotal.com.br\/site\/wp-json\/wp\/v2\/pages"}],"about":[{"href":"https:\/\/maricatotal.com.br\/site\/wp-json\/wp\/v2\/types\/page"}],"author":[{"embeddable":true,"href":"https:\/\/maricatotal.com.br\/site\/wp-json\/wp\/v2\/users\/1"}],"replies":[{"embeddable":true,"href":"https:\/\/maricatotal.com.br\/site\/wp-json\/wp\/v2\/comments?post=314"}],"version-history":[{"count":1,"href":"https:\/\/maricatotal.com.br\/site\/wp-json\/wp\/v2\/pages\/314\/revisions"}],"predecessor-version":[{"id":31650,"href":"https:\/\/maricatotal.com.br\/site\/wp-json\/wp\/v2\/pages\/314\/revisions\/31650"}],"wp:attachment":[{"href":"https:\/\/maricatotal.com.br\/site\/wp-json\/wp\/v2\/media?parent=314"}],"curies":[{"name":"wp","href":"https:\/\/api.w.org\/{rel}","templated":true}]}}