{"id":43,"date":"2017-04-28T10:05:50","date_gmt":"2017-04-28T13:05:50","guid":{"rendered":"http:\/\/maricatotal.com.br\/site\/?page_id=43"},"modified":"2020-09-15T17:19:54","modified_gmt":"2020-09-15T20:19:54","slug":"sobre-marica","status":"publish","type":"page","link":"https:\/\/maricatotal.com.br\/site\/sobre-marica\/","title":{"rendered":"SOBRE MARIC\u00c1"},"content":{"rendered":"<p>Maric\u00e1 \u00e9 um munic\u00edpio da Regi\u00e3o Metropolitana do Rio de Janeiro, no Estado do Rio de Janeiro, no Brasil. Localiza-se a 22\u00ba55&#8217;10&#8221; de latitude sul, 42\u00ba49&#8217;07&#8221; de longitude oeste, a 5 metros de altitude.<\/p>\n<p>O territ\u00f3rio municipal estende-se por 362,480 km\u00b2 e \u00e9 dividido em quatro distritos: Maric\u00e1 (sede), Ponta Negra, Ino\u00e3 e Itaipua\u00e7u.<\/p>\n<p>O acesso ao munic\u00edpio pode ser feito tanto pela RJ-106 (Rodovia Amaral Peixoto), que liga o munic\u00edpio \u00e0s cidades de Niter\u00f3i, S\u00e3o Gon\u00e7alo e Saquarema, quanto pela RJ-114, que faz a conex\u00e3o com o munic\u00edpio de Itabora\u00ed e as rodovias RJ-104 e BR-101.<\/p>\n<p>O munic\u00edpio de Maric\u00e1 tamb\u00e9m \u00e9 conhecido por suas propriedades rurais \u2013 ch\u00e1caras e grandes fazendas \u2013, muitas delas ricas em conte\u00fado hist\u00f3rico. O trem tamb\u00e9m j\u00e1 passou pela cidade \u2013 ainda hoje se encontram resqu\u00edcios daquela \u00e9poca, como esta\u00e7\u00f5es, trilhos, um t\u00fanel e uma ponte no bairro de Ino\u00e3, com a inscri\u00e7\u00e3o da Estrada de Ferro Maric\u00e1.<\/p>\n<p>O munic\u00edpio possui um aeroporto, n\u00e3o ativo em transporte humano, conhecido como Aeroporto de Maric\u00e1, localizado no centro urbano.<\/p>\n<p><img loading=\"lazy\" decoding=\"async\" class=\"alignnone wp-image-83\" src=\"http:\/\/maricatotal.com.br\/site\/wp-content\/uploads\/2017\/04\/01-marica-300x80.jpg\" alt=\"\" width=\"780\" height=\"208\" srcset=\"https:\/\/maricatotal.com.br\/site\/wp-content\/uploads\/2017\/04\/01-marica-300x80.jpg 300w, https:\/\/maricatotal.com.br\/site\/wp-content\/uploads\/2017\/04\/01-marica-768x204.jpg 768w, https:\/\/maricatotal.com.br\/site\/wp-content\/uploads\/2017\/04\/01-marica-777x208.jpg 777w, https:\/\/maricatotal.com.br\/site\/wp-content\/uploads\/2017\/04\/01-marica.jpg 782w\" sizes=\"auto, (max-width: 780px) 100vw, 780px\" \/><\/p>\n<p><strong>Hist\u00f3ria<\/strong><br \/>As primeiras ocupa\u00e7\u00f5es humanas em Maric\u00e1 datam provavelmente do s\u00e9culo XI, quando se tem conhecimento de que a regi\u00e3o foi invadida por povos tupis procedentes da Amaz\u00f4nia, que expulsaram os antigos habitantes, falantes de l\u00ednguas do tronco lingu\u00edstico macro-j\u00ea, para o interior do continente. No s\u00e9culo XVI, quando os primeiros europeus chegaram \u00e0 regi\u00e3o, ela estava ocupada pela na\u00e7\u00e3o tupi dos tupinamb\u00e1s, tamb\u00e9m chamados tamoios.[8] Desde essa \u00e9poca, a regi\u00e3o j\u00e1 aparecia nos mapas portugueses com o nome &#8220;Maricahaa&#8221;.[9] Nas \u00faltimas d\u00e9cadas desse s\u00e9culo, a regi\u00e3o come\u00e7ou a ser dividida em sesmarias pelos portugueses, como a de Ant\u00f4nio de Mariz, a de Manoel Teixeira e a de Duarte Martins Moir\u00e3o. Em 1584, o padre jesu\u00edta Jos\u00e9 de Anchieta passou pela lagoa de Maric\u00e1, onde teria efetuado uma &#8220;pesca milagrosa&#8221;.[10]<\/p>\n<p>Em 1635, foi fundada a fazenda S\u00e3o Bento, pertencente aos monges beneditinos do Rio de Janeiro.[11] Por\u00e9m as atividades econ\u00f4micas das propriedades da regi\u00e3o (extrativismo, agricultura e pecu\u00e1ria) eram prejudicadas pela mal\u00e1ria. Em 1675, foi erguida a capela de S\u00e3o Jos\u00e9 do Imbassa\u00ed.[12] Em 1755, foi criada a Freguesia de Santa Maria de Maric\u00e1: o nome era uma homenagem \u00e0 rainha Maria I de Portugal. A primeira capela de Nossa Senhora do Amparo foi constru\u00edda na segunda metade do s\u00e9culo XVII. Em 1755, com a cria\u00e7\u00e3o da Freguesia de Santa Maria de Maric\u00e1, a capela Nossa Senhora do Amparo separou-se da Freguesia de Santo Antonio de S\u00e1 e recebeu o t\u00edtulo de par\u00f3quia.[13] Em 1788 foi erguida a atual capela de Nossa Senhora do Amparo, cujas obras come\u00e7aram no s\u00e9culo XVIII, mas s\u00f3 foram finalizadas no s\u00e9culo seguinte.[14] No final do s\u00e9culo XIX, foi constru\u00edda uma estrada de ferro que cortou a regi\u00e3o, propiciando a escoa\u00e7\u00e3o da pesca e das bananas de Maric\u00e1 para os mercados de Niter\u00f3i e S\u00e3o Gon\u00e7alo.<\/p>\n<p>Na mesma \u00e9poca, a aboli\u00e7\u00e3o da escravid\u00e3o no Brasil causou grandes preju\u00edzos \u00e0 agricultura local, que se baseava na m\u00e3o de obra escrava. Em meados do s\u00e9culo XX, a constru\u00e7\u00e3o da rodovia Amaral Peixoto estimulou a ind\u00fastria da constru\u00e7\u00e3o civil, o turismo e o com\u00e9rcio na cidade. Atualmente, a cidade \u00e9 uma das que recebem mais royalties derivados do petr\u00f3leo no estado do Rio de Janeiro.<\/p>\n<p><img loading=\"lazy\" decoding=\"async\" class=\"alignnone wp-image-85 \" src=\"http:\/\/maricatotal.com.br\/site\/wp-content\/uploads\/2017\/04\/02-marica-300x80.jpg\" alt=\"\" width=\"769\" height=\"205\" srcset=\"https:\/\/maricatotal.com.br\/site\/wp-content\/uploads\/2017\/04\/02-marica-300x80.jpg 300w, https:\/\/maricatotal.com.br\/site\/wp-content\/uploads\/2017\/04\/02-marica-768x204.jpg 768w, https:\/\/maricatotal.com.br\/site\/wp-content\/uploads\/2017\/04\/02-marica-777x208.jpg 777w, https:\/\/maricatotal.com.br\/site\/wp-content\/uploads\/2017\/04\/02-marica.jpg 782w\" sizes=\"auto, (max-width: 769px) 100vw, 769px\" \/><\/p>\n<p><strong>Turismo<br \/><\/strong>O munic\u00edpio apresenta um grande complexo lagunar que contempla as lagoas de Maric\u00e1, Barra de Maric\u00e1, do Padre, Guaripina e Jacon\u00e9, al\u00e9m dos canais de Ponta Negra e de Itaipua\u00e7u que ligam as lagoas ao mar.<\/p>\n<p>Tamb\u00e9m \u00e9 conhecida por suas praias oce\u00e2nicas, dentre as quais destacam-se as de Jacon\u00e9, Ponta Negra, Barra de Maric\u00e1, do Franc\u00eas e Itaipua\u00e7u. A topografia peculiar cria um ambiente prop\u00edcio \u00e0 pr\u00e1tica de esportes como voo livre, trekking e mountain bike, entre outros.<\/p>\n<p>A Serra da Tiririca, entre Maric\u00e1 e Niter\u00f3i, \u00e9 um parque estadual com um valioso trecho de mata atl\u00e2ntica.<\/p>\n<p>Possui, ainda, uma grande \u00e1rea urbana de ocupa\u00e7\u00e3o rarefeita e formada por dezenas de bairros e condom\u00ednios. A maior parte dos domic\u00edlios \u00e9 de uso permanente, sobretudo no Centro da cidade e nas localidades mais antigas. Nas \u00e1reas do litoral e nas margens das lagoas, as resid\u00eancias s\u00e3o majoritariamente utilizadas para o turismo do tipo veraneio.<\/p>\n<p>Maric\u00e1 \u00e9 um munic\u00edpio que apresenta um dos maiores complexos lagunares do estado denominado Maric\u00e1-Guarapina, com rios, lagoas, riachos e brejos.<\/p>\n<p>O sistema lagunar \u00e9 formado pelas lagoas Brava, de Maric\u00e1, da Barra, do Padre e Guaripina. A Lagoa de Jacon\u00e9 fica isolada a leste na divisa com Saquarema.<\/p>\n<p>O munic\u00edpio possui orla ininterrupta com extens\u00e3o de 32.887 metros aproximadamente, desde o in\u00edcio da Praia de Itaipua\u00e7u, pr\u00f3ximo \u00e0 Pedra do Elefante, at\u00e9 a Serra de Jacon\u00e9, na Praia de Jacon\u00e9.<\/p>\n<p>A cidade atrai turistas para suas praias oce\u00e2nicas de \u00e1guas l\u00edmpidas e g\u00e9lidas de mar aberto, sendo elas: Recanto, Itaipua\u00e7u, Franc\u00eas, Guaratiba, Bambui, Cordeirinho, Barra de Maric\u00e1, Ponta Negra, Jacon\u00e9 e Sacristia, al\u00e9m das prainhas presentes nas ilhas<\/p>\n<p>Tamb\u00e9m h\u00e1 praias lacustres, de \u00e1guas esverdeadas e mornas, populares para fam\u00edlias com crian\u00e7as pequenas, estas sendo as da Lagoa da Barra, Ara\u00e7atiba e Jacaroa.<br \/><img loading=\"lazy\" decoding=\"async\" class=\"alignnone wp-image-86\" src=\"http:\/\/maricatotal.com.br\/site\/wp-content\/uploads\/2017\/04\/03-marica-300x80.jpg\" alt=\"\" width=\"769\" height=\"205\" srcset=\"https:\/\/maricatotal.com.br\/site\/wp-content\/uploads\/2017\/04\/03-marica-300x80.jpg 300w, https:\/\/maricatotal.com.br\/site\/wp-content\/uploads\/2017\/04\/03-marica-768x204.jpg 768w, https:\/\/maricatotal.com.br\/site\/wp-content\/uploads\/2017\/04\/03-marica-777x208.jpg 777w, https:\/\/maricatotal.com.br\/site\/wp-content\/uploads\/2017\/04\/03-marica.jpg 782w\" sizes=\"auto, (max-width: 769px) 100vw, 769px\" \/><\/p>\n<p><strong>Carnaval<\/strong><br \/>O &#8220;Maricarnaval&#8221;, como \u00e9 informalmente chamado o Carnaval em Maric\u00e1 \u00e9 comemorado de forma an\u00e1loga \u00e0 da maioria das cidades m\u00e9dias e grandes do estado do Rio. S\u00e3o comuns as bandas carnavalescas, blocos e h\u00e1 tamb\u00e9m desfiles das escolas de samba[39], sendo que nos \u00faltimos anos da d\u00e9cada de 2000.<\/p>\n<p>A maior escola de samba da cidade atualmente \u00e9 a Uni\u00e3o de Maric\u00e1 que desfila Na Serie C do carnaval carioca.<\/p>\n<p>No carnaval de 2014, a cidade foi homenageada pela Acad\u00eamicos do Grande Rio, no enredo: &#8220;Verdes olhos sobre o mar, no caminho: Maric\u00e1&#8221;.<\/p>\n<p>Veja abaixo os Distritos de Maric\u00e1:<\/p>\n\n\n<figure class=\"wp-block-image size-large is-resized\"><img loading=\"lazy\" decoding=\"async\" src=\"https:\/\/maricatotal.com.br\/site\/wp-content\/uploads\/2020\/09\/mapa-marica.gif\" alt=\"\" class=\"wp-image-14344\" width=\"596\" height=\"313\"\/><\/figure>\n\n\n\n<p>Fonte: Wikipedia.<\/p>\n","protected":false},"excerpt":{"rendered":"<p>Maric\u00e1 \u00e9 um munic\u00edpio da Regi\u00e3o Metropolitana do Rio de Janeiro, no Estado do Rio de Janeiro, no Brasil. Localiza-se<\/p>\n","protected":false},"author":1,"featured_media":0,"parent":0,"menu_order":0,"comment_status":"closed","ping_status":"closed","template":"","meta":{"colormag_page_container_layout":"default_layout","colormag_page_sidebar_layout":"default_layout","footnotes":""},"class_list":["post-43","page","type-page","status-publish","hentry"],"amp_enabled":true,"_links":{"self":[{"href":"https:\/\/maricatotal.com.br\/site\/wp-json\/wp\/v2\/pages\/43","targetHints":{"allow":["GET"]}}],"collection":[{"href":"https:\/\/maricatotal.com.br\/site\/wp-json\/wp\/v2\/pages"}],"about":[{"href":"https:\/\/maricatotal.com.br\/site\/wp-json\/wp\/v2\/types\/page"}],"author":[{"embeddable":true,"href":"https:\/\/maricatotal.com.br\/site\/wp-json\/wp\/v2\/users\/1"}],"replies":[{"embeddable":true,"href":"https:\/\/maricatotal.com.br\/site\/wp-json\/wp\/v2\/comments?post=43"}],"version-history":[{"count":2,"href":"https:\/\/maricatotal.com.br\/site\/wp-json\/wp\/v2\/pages\/43\/revisions"}],"predecessor-version":[{"id":14346,"href":"https:\/\/maricatotal.com.br\/site\/wp-json\/wp\/v2\/pages\/43\/revisions\/14346"}],"wp:attachment":[{"href":"https:\/\/maricatotal.com.br\/site\/wp-json\/wp\/v2\/media?parent=43"}],"curies":[{"name":"wp","href":"https:\/\/api.w.org\/{rel}","templated":true}]}}